{"id":18,"date":"2017-04-12T11:55:53","date_gmt":"2017-04-12T11:55:53","guid":{"rendered":"https:\/\/dprp.gov.ro\/ro\/?page_id=18"},"modified":"2026-01-27T14:42:20","modified_gmt":"2026-01-27T12:42:20","slug":"prima-pagina","status":"publish","type":"page","link":"https:\/\/dprp.gov.ro\/ro\/","title":{"rendered":"Prima Pagin\u0103"},"content":{"rendered":"\n<hr \/>\n<div class=\"pt-cv-wrapper\"><div class=\"pt-cv-view pt-cv-blockgrid iscvblock iscvhybrid list1 layout1 pt-cv-pgregular pt-cv-round-btn\" id=\"pt-cv-view-8de9f1159k\"><div data-id=\"pt-cv-page-1\" class=\"pt-cv-page\" data-cvc=\"1\"><div class=\" pt-cv-content-item pt-cv-2-col\"  data-pid=\"31526\"><div class=\"pt-cv-thumb-wrapper pull-left \"><a href=\"https:\/\/dprp.gov.ro\/ro\/conducere\/cristina-lavinia-arnautu-director-cu-atributii-de-secretar-de-stat\/\" class=\"_self pt-cv-href-thumbnail pt-cv-thumb-left cvplbd\" target=\"_self\" ><img loading=\"lazy\" decoding=\"async\" width=\"300\" height=\"241\" src=\"https:\/\/dprp.gov.ro\/ro\/wp-content\/uploads\/2024\/07\/Lavinia-Arnautu-300x241.jpeg\" class=\"pt-cv-thumbnail img-none pull-left\" alt=\"Cristina-Lavinia Arn\u0103utu, Director cu atribu\u021bii de secretar de stat\" \/><\/a><\/div>\n<div class=\"pt-cv-colwrap\"><p class=\"pt-cv-title\"><a href=\"https:\/\/dprp.gov.ro\/ro\/conducere\/cristina-lavinia-arnautu-director-cu-atributii-de-secretar-de-stat\/\" class=\"_self cvplbd\" target=\"_self\" >Cristina-Lavinia Arn\u0103utu, Director cu atribu\u021bii de secretar de stat<\/a><\/p><div class=\"pt-cv-taxoterm below_title\"><span>15\/07\/2024<\/span><\/div><div class=\"pt-cv-content\">Director cu atribu\u021bii de secretar de stat, conform Deciziei Prim-Ministrului nr. 229\/10.07.2024 CV Cristina-Lavinia Arn\u0103utu ...<br \/><div class=\"pt-cv-rmwrap\"><a href=\"https:\/\/dprp.gov.ro\/ro\/conducere\/cristina-lavinia-arnautu-director-cu-atributii-de-secretar-de-stat\/\" class=\"_self pt-cv-readmore btn btn-success cvplbd\" target=\"_self\">... mai multe \u00bb<\/a><\/div><\/div><\/div><\/div><\/div><\/div><\/div>\t\t\t<style type=\"text\/css\" id=\"pt-cv-inline-style-a2e3f04has\">\n#pt-cv-view-8de9f1159k .pt-cv-thumb-wrapper:not(.miniwrap) { width: 300px; }#pt-cv-view-8de9f1159k .pt-cv-thumbnail:not(.pt-cv-thumbnailsm) { height: 180px; }#pt-cv-view-8de9f1159k > .pt-cv-page {grid-template-columns: repeat(1, 1fr);grid-gap: 15px;}\n@media all and (max-width: 1024px) { \n#pt-cv-view-8de9f1159k > .pt-cv-page {grid-template-columns: repeat(1, 1fr);}\n} \n@media all and (max-width: 767px) { \n#pt-cv-view-8de9f1159k > .pt-cv-page {grid-template-columns: repeat(1, 1fr);}\n} <\/style>\r\n\t\t\t\t\t\t<style type=\"text\/css\" id=\"pt-cv-inline-style-b0ffb39uo1\">#pt-cv-view-8de9f1159k .pt-cv-taxoterm * { font-size: 12px !important; line-height: 1.3 !important; color: #dd3333 !important; font-weight: 600 !important; margin: 1px 1px 1px 1px !important; }\n#pt-cv-view-8de9f1159k .pt-cv-title a, #pt-cv-view-8de9f1159k  .panel-title { font-size: 14px !important; line-height: 1.3 !important; font-weight: 600 !important; }\n#pt-cv-view-8de9f1159k  .pt-cv-title a:hover, #pt-cv-view-8de9f1159k  .panel-title:hover   { font-size: 14px !important; line-height: 1.3 !important; }\n#pt-cv-view-8de9f1159k .pt-cv-content , #pt-cv-view-8de9f1159k  .pt-cv-content *:not(.pt-cv-readmore):not(style):not(script) { font-size: 12px !important; line-height: 1.3 !important; }\n#pt-cv-view-8de9f1159k .pt-cv-readmore  { font-size: 12px !important; line-height: 1.3 !important; color: #ffffff !important; background-color: #1e73be !important; }\n#pt-cv-view-8de9f1159k .pt-cv-readmore:hover  { color: #ffffff !important; background-color: #00aeef !important; }\n#pt-cv-view-8de9f1159k  + .pt-cv-pagination-wrapper .pt-cv-more , #pt-cv-view-8de9f1159k  + .pt-cv-pagination-wrapper .pagination .active a, .pt-cv-pagination[data-sid='8de9f1159k'] .active a { color: #ffffff !important; background-color: #00aeef !important; }<\/style>\r\n\t\t\t\n<hr \/>\n<div class=\"pt-cv-wrapper\"><h2 class='pt-cv-heading-container heading2' data-blockid='8244acdzv2'><span class='pt-cv-heading'> ACTUALITATE <\/span><\/h2><div class=\"pt-cv-view pt-cv-blockgrid iscvblock iscvhybrid list1 layout1 pt-cv-round-btn\" id=\"pt-cv-view-8244acdzv2\"><div data-id=\"pt-cv-page-1\" class=\"pt-cv-page\" data-cvc=\"1\"><div class=\" pt-cv-content-item pt-cv-2-col\"  data-pid=\"33377\"><div class=\"pt-cv-thumb-wrapper pull-left \"><a href=\"https:\/\/dprp.gov.ro\/ro\/finantare\/rezultatele-primei-etape-de-evaluare-a-cererilor-de-finantare-transmise-in-cadrul-sesiunii-de-finantare-nerambursabila-2026\/\" class=\"_self pt-cv-href-thumbnail pt-cv-thumb-left cvplbd\" target=\"_self\" ><img loading=\"lazy\" decoding=\"async\" width=\"300\" height=\"225\" src=\"https:\/\/dprp.gov.ro\/ro\/wp-content\/uploads\/2020\/02\/logo-dprp.gov_.ro_-300x225.jpg\" class=\"pt-cv-thumbnail img-none pull-left\" alt=\"Rezultatele primei etape de evaluare a cererilor de finan\u021bare transmise \u00een cadrul Sesiunii de finan\u021bare nerambursabil\u0103 2026\" srcset=\"https:\/\/dprp.gov.ro\/ro\/wp-content\/uploads\/2020\/02\/logo-dprp.gov_.ro_-300x225.jpg 300w, https:\/\/dprp.gov.ro\/ro\/wp-content\/uploads\/2020\/02\/logo-dprp.gov_.ro_-768x576.jpg 768w, https:\/\/dprp.gov.ro\/ro\/wp-content\/uploads\/2020\/02\/logo-dprp.gov_.ro_.jpg 1024w\" sizes=\"auto, (max-width: 300px) 100vw, 300px\" \/><\/a><\/div>\n<div class=\"pt-cv-colwrap\"><p class=\"pt-cv-title\"><a href=\"https:\/\/dprp.gov.ro\/ro\/finantare\/rezultatele-primei-etape-de-evaluare-a-cererilor-de-finantare-transmise-in-cadrul-sesiunii-de-finantare-nerambursabila-2026\/\" class=\"_self cvplbd\" target=\"_self\" >Rezultatele primei etape de evaluare a cererilor de finan\u021bare transmise \u00een cadrul Sesiunii de finan\u021bare neramb...<\/a><\/p><div class=\"pt-cv-taxoterm below_title\"><span>22\/04\/2026<\/span><\/div><div class=\"pt-cv-content\">Departamentul pentru Rom\u00e2nii de Pretutindeni anun\u021b\u0103 ast\u0103zi, 22 aprilie 2026, rezultatele primei etape de evaluare a cererilor de finan\u021bare transmise \u00een cadrul Sesiunii de finan\u021bare nerambursabil\u0103 2026. Lista proiectelor aprobate\/respinse\/neeligibile este disponibil\u0103 aici: Proces-verbal Rezultate 22 aprilie 2026 * Contesta\u021biile ...<br \/><div class=\"pt-cv-rmwrap\"><a href=\"https:\/\/dprp.gov.ro\/ro\/finantare\/rezultatele-primei-etape-de-evaluare-a-cererilor-de-finantare-transmise-in-cadrul-sesiunii-de-finantare-nerambursabila-2026\/\" class=\"_self pt-cv-readmore btn btn-success cvplbd\" target=\"_self\">... mai multe \u00bb<\/a><\/div><\/div><\/div><\/div>\n<div class=\" pt-cv-content-item pt-cv-2-col\"  data-pid=\"33335\"><div class=\"pt-cv-thumb-wrapper pull-left \"><a href=\"https:\/\/dprp.gov.ro\/ro\/finantare\/departamentul-pentru-romanii-de-pretutindeni-lanseaza-sesiunea-de-finantare-nerambursabila-2026\/\" class=\"_self pt-cv-href-thumbnail pt-cv-thumb-left cvplbd\" target=\"_self\" ><img loading=\"lazy\" decoding=\"async\" width=\"300\" height=\"300\" src=\"https:\/\/dprp.gov.ro\/ro\/wp-content\/uploads\/2026\/04\/DRP_Sesiunea-de-finantare-nerambursabila-2026-300x300.jpg\" class=\"pt-cv-thumbnail img-none pull-left\" alt=\"Departamentul pentru Rom\u00e2nii de Pretutindeni lanseaz\u0103 Sesiunea de finan\u021bare nerambursabil\u0103 2026\" srcset=\"https:\/\/dprp.gov.ro\/ro\/wp-content\/uploads\/2026\/04\/DRP_Sesiunea-de-finantare-nerambursabila-2026-300x300.jpg 300w, https:\/\/dprp.gov.ro\/ro\/wp-content\/uploads\/2026\/04\/DRP_Sesiunea-de-finantare-nerambursabila-2026-150x150.jpg 150w, https:\/\/dprp.gov.ro\/ro\/wp-content\/uploads\/2026\/04\/DRP_Sesiunea-de-finantare-nerambursabila-2026-80x80.jpg 80w, https:\/\/dprp.gov.ro\/ro\/wp-content\/uploads\/2026\/04\/DRP_Sesiunea-de-finantare-nerambursabila-2026-320x320.jpg 320w, https:\/\/dprp.gov.ro\/ro\/wp-content\/uploads\/2026\/04\/DRP_Sesiunea-de-finantare-nerambursabila-2026.jpg 634w\" sizes=\"auto, (max-width: 300px) 100vw, 300px\" \/><\/a><\/div>\n<div class=\"pt-cv-colwrap\"><p class=\"pt-cv-title\"><a href=\"https:\/\/dprp.gov.ro\/ro\/finantare\/departamentul-pentru-romanii-de-pretutindeni-lanseaza-sesiunea-de-finantare-nerambursabila-2026\/\" class=\"_self cvplbd\" target=\"_self\" >Departamentul pentru Rom\u00e2nii de Pretutindeni lanseaz\u0103 Sesiunea de finan\u021bare nerambursabil\u0103 2026<\/a><\/p><div class=\"pt-cv-taxoterm below_title\"><span>01\/04\/2026<\/span><\/div><div class=\"pt-cv-content\">7 programe de finan\u021bare pentru rom\u00e2nii de pretutindeni Departamentul pentru Rom\u00e2nii de Pretutindeni (DRP) lanseaz\u0103 ast\u0103zi, 1 aprilie, Sesiunea de finan\u021bare nerambursabil\u0103 pentru anul 2026. Asocia\u021biile, funda\u021biile, unit\u0103\u021bile de cult, organiza\u021biile neguvernamentale ale rom\u00e2nilor de pretutindeni, persoanele fizice autorizate sau ...<br \/><div class=\"pt-cv-rmwrap\"><a href=\"https:\/\/dprp.gov.ro\/ro\/finantare\/departamentul-pentru-romanii-de-pretutindeni-lanseaza-sesiunea-de-finantare-nerambursabila-2026\/\" class=\"_self pt-cv-readmore btn btn-success cvplbd\" target=\"_self\">... mai multe \u00bb<\/a><\/div><\/div><\/div><\/div>\n<div class=\" pt-cv-content-item pt-cv-2-col\"  data-pid=\"33306\"><div class=\"pt-cv-thumb-wrapper pull-left \"><a href=\"https:\/\/dprp.gov.ro\/ro\/consultare-publica\/raspunsuri-la-propunerile-observatiile-si-intrebarile-formulate-in-cadrul-procesului-de-consultare-publica-aferent-ghidului-de-finantare-nerambursabila-2026\/\" class=\"_self pt-cv-href-thumbnail pt-cv-thumb-left cvplbd\" target=\"_self\" ><img loading=\"lazy\" decoding=\"async\" width=\"300\" height=\"225\" src=\"https:\/\/dprp.gov.ro\/ro\/wp-content\/uploads\/2020\/02\/logo-dprp.gov_.ro_-300x225.jpg\" class=\"pt-cv-thumbnail img-none pull-left\" alt=\"R\u0103spunsuri la propunerile, observa\u021biile \u0219i \u00eentreb\u0103rile formulate \u00een cadrul procesului de consultare public\u0103 aferent Ghidului de finan\u021bare nerambursabil\u0103 2026\" srcset=\"https:\/\/dprp.gov.ro\/ro\/wp-content\/uploads\/2020\/02\/logo-dprp.gov_.ro_-300x225.jpg 300w, https:\/\/dprp.gov.ro\/ro\/wp-content\/uploads\/2020\/02\/logo-dprp.gov_.ro_-768x576.jpg 768w, https:\/\/dprp.gov.ro\/ro\/wp-content\/uploads\/2020\/02\/logo-dprp.gov_.ro_.jpg 1024w\" sizes=\"auto, (max-width: 300px) 100vw, 300px\" \/><\/a><\/div>\n<div class=\"pt-cv-colwrap\"><p class=\"pt-cv-title\"><a href=\"https:\/\/dprp.gov.ro\/ro\/consultare-publica\/raspunsuri-la-propunerile-observatiile-si-intrebarile-formulate-in-cadrul-procesului-de-consultare-publica-aferent-ghidului-de-finantare-nerambursabila-2026\/\" class=\"_self cvplbd\" target=\"_self\" >R\u0103spunsuri la propunerile, observa\u021biile \u0219i \u00eentreb\u0103rile formulate \u00een cadrul procesului de consultare public\u0103 af...<\/a><\/p><div class=\"pt-cv-taxoterm below_title\"><span>30\/03\/2026<\/span><\/div><div class=\"pt-cv-content\">R\u0103spunsuri la propuneri, observa\u021bii \u0219i \u00eentreb\u0103ri_Ghid de finan\u021bare nerambursabil\u0103 2026 ...<br \/><div class=\"pt-cv-rmwrap\"><a href=\"https:\/\/dprp.gov.ro\/ro\/consultare-publica\/raspunsuri-la-propunerile-observatiile-si-intrebarile-formulate-in-cadrul-procesului-de-consultare-publica-aferent-ghidului-de-finantare-nerambursabila-2026\/\" class=\"_self pt-cv-readmore btn btn-success cvplbd\" target=\"_self\">... mai multe \u00bb<\/a><\/div><\/div><\/div><\/div>\n<div class=\" pt-cv-content-item pt-cv-2-col\"  data-pid=\"33278\"><div class=\"pt-cv-thumb-wrapper pull-left \"><a href=\"https:\/\/dprp.gov.ro\/ro\/consultare-publica\/departamentul-pentru-romanii-de-pretutindeni-lanseaza-spre-consultare-publica-ghidul-de-finantare-nerambursabila-2026\/\" class=\"_self pt-cv-href-thumbnail pt-cv-thumb-left cvplbd\" target=\"_self\" ><img loading=\"lazy\" decoding=\"async\" width=\"300\" height=\"225\" src=\"https:\/\/dprp.gov.ro\/ro\/wp-content\/uploads\/2020\/02\/logo-dprp.gov_.ro_-300x225.jpg\" class=\"pt-cv-thumbnail img-none pull-left\" alt=\"Departamentul pentru Rom\u00e2nii de Pretutindeni lanseaz\u0103 spre consultare public\u0103 Ghidul de finan\u021bare nerambursabil\u0103 2026\" srcset=\"https:\/\/dprp.gov.ro\/ro\/wp-content\/uploads\/2020\/02\/logo-dprp.gov_.ro_-300x225.jpg 300w, https:\/\/dprp.gov.ro\/ro\/wp-content\/uploads\/2020\/02\/logo-dprp.gov_.ro_-768x576.jpg 768w, https:\/\/dprp.gov.ro\/ro\/wp-content\/uploads\/2020\/02\/logo-dprp.gov_.ro_.jpg 1024w\" sizes=\"auto, (max-width: 300px) 100vw, 300px\" \/><\/a><\/div>\n<div class=\"pt-cv-colwrap\"><p class=\"pt-cv-title\"><a href=\"https:\/\/dprp.gov.ro\/ro\/consultare-publica\/departamentul-pentru-romanii-de-pretutindeni-lanseaza-spre-consultare-publica-ghidul-de-finantare-nerambursabila-2026\/\" class=\"_self cvplbd\" target=\"_self\" >Departamentul pentru Rom\u00e2nii de Pretutindeni lanseaz\u0103 spre consultare public\u0103 Ghidul de finan\u021bare nerambursabi...<\/a><\/p><div class=\"pt-cv-taxoterm below_title\"><span>10\/03\/2026<\/span><\/div><div class=\"pt-cv-content\">Departamentul pentru Rom\u00e2nii de Pretutindeni public\u0103, spre consultare, ast\u0103zi,\u00a010 martie 2026,\u00a0Ghidul de finan\u021bare nerambursabil\u0103 2026. V\u0103 invit\u0103m s\u0103 \u00eel consulta\u021bi \u0219i s\u0103 ne transmite\u021bi observa\u021biile, sugestiile \u0219i complet\u0103rile pe care le considera\u021bi necesare la adresa de e-mail: proiecte@dprp.gov.ro. Documentul este ...<br \/><div class=\"pt-cv-rmwrap\"><a href=\"https:\/\/dprp.gov.ro\/ro\/consultare-publica\/departamentul-pentru-romanii-de-pretutindeni-lanseaza-spre-consultare-publica-ghidul-de-finantare-nerambursabila-2026\/\" class=\"_self pt-cv-readmore btn btn-success cvplbd\" target=\"_self\">... mai multe \u00bb<\/a><\/div><\/div><\/div><\/div>\n<div class=\" pt-cv-content-item pt-cv-2-col\"  data-pid=\"33269\"><div class=\"pt-cv-thumb-wrapper pull-left \"><a href=\"https:\/\/dprp.gov.ro\/ro\/anunt\/rezultate-finale-la-examenul-de-promovare-in-grad-profesional-imediat-superior-a-personalului-contractual-din-cadrul-departamentului-pentru-romanii-de-pretutindeni\/\" class=\"_self pt-cv-href-thumbnail pt-cv-thumb-left cvplbd\" target=\"_self\" ><img loading=\"lazy\" decoding=\"async\" width=\"300\" height=\"225\" src=\"https:\/\/dprp.gov.ro\/ro\/wp-content\/uploads\/2020\/02\/logo-dprp.gov_.ro_-300x225.jpg\" class=\"pt-cv-thumbnail img-none pull-left\" alt=\"Rezultate finale la examenul de promovare \u00een grad profesional imediat superior a personalului contractual din cadrul Departamentului pentru Rom\u00e2nii de Pretutindeni\" srcset=\"https:\/\/dprp.gov.ro\/ro\/wp-content\/uploads\/2020\/02\/logo-dprp.gov_.ro_-300x225.jpg 300w, https:\/\/dprp.gov.ro\/ro\/wp-content\/uploads\/2020\/02\/logo-dprp.gov_.ro_-768x576.jpg 768w, https:\/\/dprp.gov.ro\/ro\/wp-content\/uploads\/2020\/02\/logo-dprp.gov_.ro_.jpg 1024w\" sizes=\"auto, (max-width: 300px) 100vw, 300px\" \/><\/a><\/div>\n<div class=\"pt-cv-colwrap\"><p class=\"pt-cv-title\"><a href=\"https:\/\/dprp.gov.ro\/ro\/anunt\/rezultate-finale-la-examenul-de-promovare-in-grad-profesional-imediat-superior-a-personalului-contractual-din-cadrul-departamentului-pentru-romanii-de-pretutindeni\/\" class=\"_self cvplbd\" target=\"_self\" >Rezultate finale la examenul de promovare \u00een grad profesional imediat superior a personalului contractual din ...<\/a><\/p><div class=\"pt-cv-taxoterm below_title\"><span>23\/02\/2026<\/span><\/div><div class=\"pt-cv-content\">Rezultate finale la examenul de promovare \u00een grad profesional imediat superior a personalului contractual din cadrul Departamentului pentru Rom\u00e2nii de Pretutindeni: Rezultate finale la examenul de promovare \u00een grad profesional imediat superior a personalului contractual ...<br \/><div class=\"pt-cv-rmwrap\"><a href=\"https:\/\/dprp.gov.ro\/ro\/anunt\/rezultate-finale-la-examenul-de-promovare-in-grad-profesional-imediat-superior-a-personalului-contractual-din-cadrul-departamentului-pentru-romanii-de-pretutindeni\/\" class=\"_self pt-cv-readmore btn btn-success cvplbd\" target=\"_self\">... mai multe \u00bb<\/a><\/div><\/div><\/div><\/div><\/div><\/div><\/div>\t\t\t<style type=\"text\/css\" id=\"pt-cv-inline-style-93088bds0y\">\n#pt-cv-view-8244acdzv2 .pt-cv-thumb-wrapper:not(.miniwrap) { width: 300px; }#pt-cv-view-8244acdzv2 .pt-cv-thumbnail:not(.pt-cv-thumbnailsm) { height: 180px; }#pt-cv-view-8244acdzv2 > .pt-cv-page {grid-template-columns: repeat(1, 1fr);grid-gap: 15px;}\n@media all and (max-width: 1024px) { \n#pt-cv-view-8244acdzv2 > .pt-cv-page {grid-template-columns: repeat(1, 1fr);}\n} \n@media all and (max-width: 767px) { \n#pt-cv-view-8244acdzv2 > .pt-cv-page {grid-template-columns: repeat(1, 1fr);}\n} <\/style>\r\n\t\t\t\t\t\t<style type=\"text\/css\" id=\"pt-cv-inline-style-78f9847pso\">#pt-cv-view-8244acdzv2 .pt-cv-taxoterm * { font-size: 12px !important; line-height: 1.3 !important; color: #dd3333 !important; font-weight: 600 !important; }\n#pt-cv-view-8244acdzv2 .pt-cv-title a, #pt-cv-view-8244acdzv2  .panel-title { font-size: 14px !important; line-height: 1.3 !important; font-weight: 600 !important; }\n#pt-cv-view-8244acdzv2  .pt-cv-title a:hover, #pt-cv-view-8244acdzv2  .panel-title:hover   { font-size: 14px !important; line-height: 1.3 !important; }\n#pt-cv-view-8244acdzv2 .pt-cv-content , #pt-cv-view-8244acdzv2  .pt-cv-content *:not(.pt-cv-readmore):not(style):not(script) { font-size: 12px !important; line-height: 1.3 !important; }\n#pt-cv-view-8244acdzv2 .pt-cv-readmore  { font-size: 12px !important; line-height: 1.3 !important; color: #ffffff !important; background-color: #1e73be !important; }\n#pt-cv-view-8244acdzv2 .pt-cv-readmore:hover  { color: #ffffff !important; background-color: #00aeef !important; }<\/style>\r\n\t\t\t\n<hr \/>\n<p style=\"text-align: right;\"><strong><a style=\"color: #3a7ab2; font-size: 14px;\" href=\"https:\/\/dprp.gov.ro\/ro\/comunicate\/\">&#8230; mai multe evenimente \u00bb <\/a><\/strong><\/p>\n<hr \/>\n","protected":false},"excerpt":{"rendered":"<p>&#8230; mai multe evenimente \u00bb<\/p>\n","protected":false},"author":1,"featured_media":0,"parent":0,"menu_order":0,"comment_status":"closed","ping_status":"closed","template":"","meta":{"footnotes":""},"class_list":["post-18","page","type-page","status-publish","hentry"],"_links":{"self":[{"href":"https:\/\/dprp.gov.ro\/ro\/wp-json\/wp\/v2\/pages\/18","targetHints":{"allow":["GET"]}}],"collection":[{"href":"https:\/\/dprp.gov.ro\/ro\/wp-json\/wp\/v2\/pages"}],"about":[{"href":"https:\/\/dprp.gov.ro\/ro\/wp-json\/wp\/v2\/types\/page"}],"author":[{"embeddable":true,"href":"https:\/\/dprp.gov.ro\/ro\/wp-json\/wp\/v2\/users\/1"}],"replies":[{"embeddable":true,"href":"https:\/\/dprp.gov.ro\/ro\/wp-json\/wp\/v2\/comments?post=18"}],"version-history":[{"count":0,"href":"https:\/\/dprp.gov.ro\/ro\/wp-json\/wp\/v2\/pages\/18\/revisions"}],"wp:attachment":[{"href":"https:\/\/dprp.gov.ro\/ro\/wp-json\/wp\/v2\/media?parent=18"}],"curies":[{"name":"wp","href":"https:\/\/api.w.org\/{rel}","templated":true}]}}